{"id":9939,"date":"2021-04-20T15:43:27","date_gmt":"2021-04-20T13:43:27","guid":{"rendered":"https:\/\/trappenstore.be\/?page_id=9939"},"modified":"2022-01-10T16:19:34","modified_gmt":"2022-01-10T15:19:34","slug":"de-clickfix-technologie","status":"publish","type":"page","link":"https:\/\/trappenstore.be\/de\/de-clickfix-technologie\/","title":{"rendered":"Die clickFIX\u00ae-Technologie"},"content":{"rendered":"<p><img loading=\"lazy\" decoding=\"async\" width=\"220\" height=\"85\" src=\"https:\/\/trappenstore.be\/wp-content\/uploads\/2021\/04\/dolle-logo.png\" alt=\"\">\t\t\t\t\t\t\t\t\t\t\t\t\t\t<\/p>\n<h2>Die clickFIX\u00ae-Technologie<\/h2>\n<p><\/p>\n\n\n<\/p>\n<p><strong style=\"color: var( --e-global-color-text ); font-family: var( --e-global-typography-text-font-family ), Sans-serif; font-size: var( --e-global-typography-text-font-size ); letter-spacing: var( --e-global-typography-text-letter-spacing );\">AUSGEZEICHNETE ISOLIERUNG REDUZIERT W\u00c4RMEEIGENSCHAFTEN<\/strong><strong style=\"color: var( --e-global-color-text ); font-family: var( --e-global-typography-text-font-family ), Sans-serif; font-size: var( --e-global-typography-text-font-size ); letter-spacing: var( --e-global-typography-text-letter-spacing );\">RLIES UND W\u00c4RMEBR\u00dcCKE<\/strong><strong style=\"color: var( --e-global-color-text ); font-family: var( --e-global-typography-text-font-family ), Sans-serif; font-size: var( --e-global-typography-text-font-size ); letter-spacing: var( --e-global-typography-text-letter-spacing );\">GEN<\/strong><\/p>\n<p>Skandinavisches Design und Handwerkskunst sorgen zusammen f\u00fcr erstklassige Energieeffizienz. Die patentierte clickFIX\u00ae-Technologie sorgt daf\u00fcr, dass keine W\u00e4rmebr\u00fccken entstehen. Dies liegt vor allem daran, dass die Luke ausschlie\u00dflich aus hochd\u00e4mmendem Material und nicht aus einer Holzkonstruktion besteht. Die einzigartige Dichtung sorgt zudem f\u00fcr Luftdichtheit. All dies erm\u00f6glicht es uns, eine hervorragende W\u00e4rmed\u00e4mmung f\u00fcr Ihr Zuhause zu realisieren. Dolle hat die besten U-Werte auf dem Markt, je niedriger der U-Wert, desto besser die Isolierung. Der ermittelte U-Wert ist das Ergebnis einer Pr\u00fcfung der Dachgeschosstreppe als Bauteil und basiert nicht auf einem Messwert. .<\/p>\n<p>Die clickFIX\u00ae-Luke ist vollst\u00e4ndig mit einer dicken Polystyrolschicht mit wei\u00dfer Beschichtung isoliert. Dies sorgt f\u00fcr einen niedrigen U-Wert. :<\/p>\n<p><img fetchpriority=\"high\" decoding=\"async\" src=\"https:\/\/trappenstore.be\/wp-content\/uploads\/2021\/04\/Dolle-6.gif\" alt=\"\" width=\"248\" height=\"208\" \/><\/p>\n<p>Diese Dachbodenleitern werden in D\u00e4nemark hergestellt und das meiste Holz stammt aus erneuerbaren FSC\u00ae-zertifizierten W\u00e4ldern<\/p>\n<p><img decoding=\"async\" src=\"https:\/\/trappenstore.be\/wp-content\/uploads\/2021\/04\/Dolle-5.gif\" alt=\"\" width=\"261\" height=\"213\" \/><\/p>\n<p>Da die clickFIX\u00ae Luke ausschlie\u00dflich aus hochwertigem D\u00e4mmmaterial ohne Holzkonstruktion besteht, entstehen keine W\u00e4rmebr\u00fccken. Dies in Kombination mit einer einzigartigen Dichtung f\u00fchrt zu maximaler Isolierung:<\/p>\n<p>\u00a0<img decoding=\"async\" style=\"color: var( --e-global-color-text ); font-family: var( --e-global-typography-text-font-family ), Sans-serif; font-size: var( --e-global-typography-text-font-size ); font-weight: var( --e-global-typography-text-font-weight ); letter-spacing: var( --e-global-typography-text-letter-spacing );\" src=\"https:\/\/trappenstore.be\/wp-content\/uploads\/2021\/04\/Dolle-1-150x150.gif\" alt=\"\" width=\"150\" height=\"150\" \/><img loading=\"lazy\" decoding=\"async\" src=\"https:\/\/trappenstore.be\/wp-content\/uploads\/2021\/04\/Dolle-3-1024x131.gif\" alt=\"\" width=\"800\" height=\"102\" \/><\/p>\n<p>\u00a0<\/p>\n<p><strong>FOKUS<\/strong><strong style=\"color: var( --e-global-color-text ); font-family: var( --e-global-typography-text-font-family ), Sans-serif; font-size: var( --e-global-typography-text-font-size ); letter-spacing: var( --e-global-typography-text-letter-spacing );\">S ZUR EINFACHEN MONTAGE EINER LOFT-LEITER<\/strong><\/p>\n<p>Die ClickFIX\u00ae Dachbodenleitern bestehen aus drei separaten Komponenten, dem Geh\u00e4use, der Leiter und der Luke, die mit einem patentierten Klicksystem montiert werden. Sowohl Profis als auch Heimwerker finden die clickFIX\u00ae Dachbodentreppe einfach zu montieren, auch alleine.<\/p>\n<p>Dank des geringen Gewichts und der patentierten Montagetechnik mit \u201eKlick\u201c-Modulen kann eine ClickFIX\u00ae Dachbodenleiter problemlos von einer Person montiert werden:<\/p>\n<p>\u00a0\u00a0<img loading=\"lazy\" decoding=\"async\" style=\"color: var( --e-global-color-text ); font-family: var( --e-global-typography-text-font-family ), Sans-serif; font-size: var( --e-global-typography-text-font-size ); font-weight: var( --e-global-typography-text-font-weight ); letter-spacing: var( --e-global-typography-text-letter-spacing );\" src=\"https:\/\/trappenstore.be\/wp-content\/uploads\/2021\/04\/Dolle-2-150x150.gif\" alt=\"\" width=\"150\" height=\"150\" \/><img loading=\"lazy\" decoding=\"async\" src=\"https:\/\/trappenstore.be\/wp-content\/uploads\/2021\/04\/Dolle-4.gif\" alt=\"\" width=\"962\" height=\"133\" \/><\/p>\n<h1>\u00a0<a href=\"https:\/\/www.youtube.com\/watch?v=LyjVqLCF_mw\" target=\"_blank\" rel=\"noopener\"><strong>Installationsvideo<\/strong><\/a><\/h1>\n<p>\n\n\n<p><\/p>\n<p>\t\t\t\t\t\t\t\t\t\t\t\t<img loading=\"lazy\" decoding=\"async\" width=\"2560\" height=\"1440\" src=\"https:\/\/trappenstore.be\/wp-content\/uploads\/2020\/07\/CF56_miljo-scaled.jpg\" alt=\"\" srcset=\"https:\/\/trappenstore.be\/wp-content\/uploads\/2020\/07\/CF56_miljo-scaled.jpg 2560w, https:\/\/trappenstore.be\/wp-content\/uploads\/2020\/07\/CF56_miljo-300x169.jpg 300w, https:\/\/trappenstore.be\/wp-content\/uploads\/2020\/07\/CF56_miljo-1024x576.jpg 1024w, https:\/\/trappenstore.be\/wp-content\/uploads\/2020\/07\/CF56_miljo-768x432.jpg 768w, https:\/\/trappenstore.be\/wp-content\/uploads\/2020\/07\/CF56_miljo-1536x864.jpg 1536w, https:\/\/trappenstore.be\/wp-content\/uploads\/2020\/07\/CF56_miljo-2048x1152.jpg 2048w, https:\/\/trappenstore.be\/wp-content\/uploads\/2020\/07\/CF56_miljo-600x338.jpg 600w\" sizes=\"auto, (max-width: 2560px) 100vw, 2560px\"><\/p>","protected":false},"excerpt":{"rendered":"<p>De clickFIX\u00ae-technologie UITSTEKENDE ISOLATIE VERMINDERT WARMTEVERLIES EN THERMISCHE BRUGGEN Het Scandinavisch design en vakmanschap worden gecombineerd om toonaangevende energie-effici\u00ebntie te leveren. De gepatenteerde clickFIX\u00ae-technologie zorgt ervoor dat er geen koudebruggen ontstaan. Dit is voornamelijk omdat het luik uitsluitend uit hoog isolerend materiaal bestaat en niet uit een houten constructie. De unieke afdichting zorgt tevens voor [&hellip;]<\/p>\n","protected":false},"author":1,"featured_media":0,"parent":0,"menu_order":0,"comment_status":"closed","ping_status":"closed","template":"elementor_header_footer","meta":{"_acf_changed":false,"footnotes":""},"class_list":["post-9939","page","type-page","status-publish","hentry"],"acf":[],"_links":{"self":[{"href":"https:\/\/trappenstore.be\/de\/wp-json\/wp\/v2\/pages\/9939","targetHints":{"allow":["GET"]}}],"collection":[{"href":"https:\/\/trappenstore.be\/de\/wp-json\/wp\/v2\/pages"}],"about":[{"href":"https:\/\/trappenstore.be\/de\/wp-json\/wp\/v2\/types\/page"}],"author":[{"embeddable":true,"href":"https:\/\/trappenstore.be\/de\/wp-json\/wp\/v2\/users\/1"}],"replies":[{"embeddable":true,"href":"https:\/\/trappenstore.be\/de\/wp-json\/wp\/v2\/comments?post=9939"}],"version-history":[{"count":1,"href":"https:\/\/trappenstore.be\/de\/wp-json\/wp\/v2\/pages\/9939\/revisions"}],"predecessor-version":[{"id":13290,"href":"https:\/\/trappenstore.be\/de\/wp-json\/wp\/v2\/pages\/9939\/revisions\/13290"}],"wp:attachment":[{"href":"https:\/\/trappenstore.be\/de\/wp-json\/wp\/v2\/media?parent=9939"}],"curies":[{"name":"wp","href":"https:\/\/api.w.org\/{rel}","templated":true}]}}