{"id":7418,"date":"2020-08-06T16:23:59","date_gmt":"2020-08-06T14:23:59","guid":{"rendered":"https:\/\/trappenstore.be\/?page_id=7418"},"modified":"2021-12-09T18:00:52","modified_gmt":"2021-12-09T17:00:52","slug":"prova","status":"publish","type":"page","link":"https:\/\/trappenstore.be\/de\/prova\/","title":{"rendered":"Prova"},"content":{"rendered":"<div data-elementor-type=\"wp-page\" data-elementor-id=\"7418\" class=\"elementor elementor-7418\" data-elementor-post-type=\"page\">\n\t\t\t\t\t\t<section class=\"elementor-section elementor-top-section elementor-element elementor-element-d450b72 elementor-section-boxed elementor-section-height-default elementor-section-height-default\" data-id=\"d450b72\" data-element_type=\"section\" data-e-type=\"section\">\n\t\t\t\t\t\t<div class=\"elementor-container elementor-column-gap-default\">\n\t\t\t\t\t\t<\/div>\n\t\t<\/section>\n\t\t\t\t<section class=\"elementor-section elementor-top-section elementor-element elementor-element-1323848 elementor-section-boxed elementor-section-height-default elementor-section-height-default\" data-id=\"1323848\" data-element_type=\"section\" data-e-type=\"section\">\n\t\t\t\t\t\t<div class=\"elementor-container elementor-column-gap-default\">\n\t\t\t\t\t<div class=\"elementor-column elementor-col-100 elementor-top-column elementor-element elementor-element-ff46343\" data-id=\"ff46343\" data-element_type=\"column\" data-e-type=\"column\">\n\t\t\t<div class=\"elementor-widget-wrap elementor-element-populated\">\n\t\t\t\t\t\t<div class=\"elementor-element elementor-element-907986f elementor-widget elementor-widget-text-editor\" data-id=\"907986f\" data-element_type=\"widget\" data-e-type=\"widget\" data-widget_type=\"text-editor.default\">\n\t\t\t\t<div class=\"elementor-widget-container\">\n\t\t\t\t\t\t\t\t\t<p id=\"tw-target-text\" class=\"tw-data-text tw-text-large XcVN5d tw-ta\" dir=\"ltr\" data-placeholder=\"Vertaling\"><span lang=\"nl\">Das Gel\u00e4ndersystem PROVA hat ein minimalistisches und schlichtes Design, das es einfach macht, das Treppengel\u00e4ndersystem in den bestehenden Stil Ihres Hauses zu integrieren. <\/span><\/p><p class=\"tw-data-text tw-text-large XcVN5d tw-ta\" dir=\"ltr\" data-placeholder=\"Vertaling\"><span lang=\"nl\">Speziell entwickelte Komponenten machen Prova zu einer flexiblen L\u00f6sung mit vielen Befestigungsm\u00f6glichkeiten. <\/span><\/p><p class=\"tw-data-text tw-text-large XcVN5d tw-ta\" dir=\"ltr\" data-placeholder=\"Vertaling\"><span lang=\"nl\">Prova besteht aus einer begrenzten Anzahl von Komponenten und ist sehr einfach zu montieren. Die umfangreiche Verstellbarkeit des Systems macht es einfach und bequem, Gel\u00e4nderpfosten unabh\u00e4ngig von der unebenen Oberfl\u00e4che vollst\u00e4ndig zu nivellieren. <\/span><\/p><p class=\"tw-data-text tw-text-large XcVN5d tw-ta\" dir=\"ltr\" data-placeholder=\"Vertaling\"><span lang=\"nl\">Prova eignet sich f\u00fcr den Innen- und Au\u00dfenbereich als Gel\u00e4nder f\u00fcr Terrassen, Balkone und Flure oder als Gel\u00e4nderl\u00f6sung f\u00fcr Treppen. <\/span><\/p><p class=\"tw-data-text tw-text-large XcVN5d tw-ta\" dir=\"ltr\" data-placeholder=\"Vertaling\"><span lang=\"nl\">Prova ist in 2 Versionen erh\u00e4ltlich: Edelstahl \/ Aluminium und Anthrazit<\/span><\/p>\t\t\t\t\t\t\t\t<\/div>\n\t\t\t\t<\/div>\n\t\t\t\t\t<\/div>\n\t\t<\/div>\n\t\t\t\t<div class=\"elementor-column elementor-col-100 elementor-top-column elementor-element elementor-element-6d20612\" data-id=\"6d20612\" data-element_type=\"column\" data-e-type=\"column\">\n\t\t\t<div class=\"elementor-widget-wrap elementor-element-populated\">\n\t\t\t\t\t\t<div class=\"elementor-element elementor-element-48ee8fe elementor-widget elementor-widget-text-editor\" data-id=\"48ee8fe\" data-element_type=\"widget\" data-e-type=\"widget\" data-widget_type=\"text-editor.default\">\n\t\t\t\t<div class=\"elementor-widget-container\">\n\t\t\t\t\t\t\t\t\t<h3 id=\"tw-target-text\" class=\"tw-data-text tw-text-large XcVN5d tw-ta\" dir=\"ltr\" data-placeholder=\"Vertaling\">NEU ab sofort auch mit EICHE Handlauf erh\u00e4ltlich!<\/h3>\t\t\t\t\t\t\t\t<\/div>\n\t\t\t\t<\/div>\n\t\t\t\t<div class=\"elementor-element elementor-element-ec188c6 elementor-widget elementor-widget-image\" data-id=\"ec188c6\" data-element_type=\"widget\" data-e-type=\"widget\" data-widget_type=\"image.default\">\n\t\t\t\t<div class=\"elementor-widget-container\">\n\t\t\t\t\t\t\t\t\t\t\t\t\t\t\t<img fetchpriority=\"high\" decoding=\"async\" width=\"300\" height=\"208\" src=\"https:\/\/trappenstore.be\/wp-content\/uploads\/2020\/08\/Eik-1-300x208.gif\" class=\"attachment-medium size-medium wp-image-7762\" alt=\"\" srcset=\"https:\/\/trappenstore.be\/wp-content\/uploads\/2020\/08\/Eik-1-scaled-300x208.gif 300w, https:\/\/trappenstore.be\/wp-content\/uploads\/2020\/08\/Eik-1-scaled-600x416.gif 600w, https:\/\/trappenstore.be\/wp-content\/uploads\/2020\/08\/Eik-1-1024x711.gif 1024w, https:\/\/trappenstore.be\/wp-content\/uploads\/2020\/08\/Eik-1-768x533.gif 768w, https:\/\/trappenstore.be\/wp-content\/uploads\/2020\/08\/Eik-1-1536x1066.gif 1536w, https:\/\/trappenstore.be\/wp-content\/uploads\/2020\/08\/Eik-1-2048x1422.gif 2048w\" sizes=\"(max-width: 300px) 100vw, 300px\" \/>\t\t\t\t\t\t\t\t\t\t\t\t\t\t\t<\/div>\n\t\t\t\t<\/div>\n\t\t\t\t<div class=\"elementor-element elementor-element-2c37198 elementor-widget elementor-widget-button\" data-id=\"2c37198\" data-element_type=\"widget\" data-e-type=\"widget\" data-widget_type=\"button.default\">\n\t\t\t\t<div class=\"elementor-widget-container\">\n\t\t\t\t\t\t\t\t\t<div class=\"elementor-button-wrapper\">\n\t\t\t\t\t<a class=\"elementor-button elementor-button-link elementor-size-sm\" href=\"https:\/\/trappenstore.be\/wp-content\/uploads\/2020\/08\/Productfiche-PROVA-NL.pdf\" target=\"_blank\">\n\t\t\t\t\t\t<span class=\"elementor-button-content-wrapper\">\n\t\t\t\t\t\t\t\t\t<span class=\"elementor-button-text\">Flugblatt<\/span>\n\t\t\t\t\t<\/span>\n\t\t\t\t\t<\/a>\n\t\t\t\t<\/div>\n\t\t\t\t\t\t\t\t<\/div>\n\t\t\t\t<\/div>\n\t\t\t\t<div class=\"elementor-element elementor-element-0e134be elementor-widget elementor-widget-button\" data-id=\"0e134be\" data-element_type=\"widget\" data-e-type=\"widget\" data-widget_type=\"button.default\">\n\t\t\t\t<div class=\"elementor-widget-container\">\n\t\t\t\t\t\t\t\t\t<div class=\"elementor-button-wrapper\">\n\t\t\t\t\t<a class=\"elementor-button elementor-button-link elementor-size-sm\" href=\"http:\/\/dolle.cubicasahost.dk\/dolleas\/provasystem\">\n\t\t\t\t\t\t<span class=\"elementor-button-content-wrapper\">\n\t\t\t\t\t\t\t\t\t<span class=\"elementor-button-text\">Zum Rechner<\/span>\n\t\t\t\t\t<\/span>\n\t\t\t\t\t<\/a>\n\t\t\t\t<\/div>\n\t\t\t\t\t\t\t\t<\/div>\n\t\t\t\t<\/div>\n\t\t\t\t\t<\/div>\n\t\t<\/div>\n\t\t\t\t\t<\/div>\n\t\t<\/section>\n\t\t\t\t<section class=\"elementor-section elementor-top-section elementor-element elementor-element-b669ba5 elementor-section-boxed elementor-section-height-default elementor-section-height-default\" data-id=\"b669ba5\" data-element_type=\"section\" data-e-type=\"section\">\n\t\t\t\t\t\t<div class=\"elementor-container elementor-column-gap-default\">\n\t\t\t\t\t<div class=\"elementor-column elementor-col-50 elementor-top-column elementor-element elementor-element-1ec90cc\" data-id=\"1ec90cc\" data-element_type=\"column\" data-e-type=\"column\">\n\t\t\t<div class=\"elementor-widget-wrap elementor-element-populated\">\n\t\t\t\t\t\t<div class=\"elementor-element elementor-element-1e727a0 elementor-widget elementor-widget-button\" data-id=\"1e727a0\" data-element_type=\"widget\" data-e-type=\"widget\" data-widget_type=\"button.default\">\n\t\t\t\t<div class=\"elementor-widget-container\">\n\t\t\t\t\t\t\t\t\t<div class=\"elementor-button-wrapper\">\n\t\t\t\t\t<a class=\"elementor-button elementor-button-link elementor-size-sm\" href=\"https:\/\/trappenstore.be\/de\/producten\/?_categorie=prova-rvs\">\n\t\t\t\t\t\t<span class=\"elementor-button-content-wrapper\">\n\t\t\t\t\t\t\t\t\t<span class=\"elementor-button-text\">PROVA Edelstahl\/Aluminium<\/span>\n\t\t\t\t\t<\/span>\n\t\t\t\t\t<\/a>\n\t\t\t\t<\/div>\n\t\t\t\t\t\t\t\t<\/div>\n\t\t\t\t<\/div>\n\t\t\t\t\t<\/div>\n\t\t<\/div>\n\t\t\t\t<div class=\"elementor-column elementor-col-50 elementor-top-column elementor-element elementor-element-03b6015\" data-id=\"03b6015\" data-element_type=\"column\" data-e-type=\"column\">\n\t\t\t<div class=\"elementor-widget-wrap elementor-element-populated\">\n\t\t\t\t\t\t<div class=\"elementor-element elementor-element-e39976d elementor-widget elementor-widget-button\" data-id=\"e39976d\" data-element_type=\"widget\" data-e-type=\"widget\" data-widget_type=\"button.default\">\n\t\t\t\t<div class=\"elementor-widget-container\">\n\t\t\t\t\t\t\t\t\t<div class=\"elementor-button-wrapper\">\n\t\t\t\t\t<a class=\"elementor-button elementor-button-link elementor-size-sm\" href=\"https:\/\/trappenstore.be\/de\/producten\/?_categorie=prova-antraciet\">\n\t\t\t\t\t\t<span class=\"elementor-button-content-wrapper\">\n\t\t\t\t\t\t\t\t\t<span class=\"elementor-button-text\">PROVA Anthrazit<\/span>\n\t\t\t\t\t<\/span>\n\t\t\t\t\t<\/a>\n\t\t\t\t<\/div>\n\t\t\t\t\t\t\t\t<\/div>\n\t\t\t\t<\/div>\n\t\t\t\t\t<\/div>\n\t\t<\/div>\n\t\t\t\t\t<\/div>\n\t\t<\/section>\n\t\t\t\t<section class=\"elementor-section elementor-top-section elementor-element elementor-element-9b1b652 elementor-section-boxed elementor-section-height-default elementor-section-height-default\" data-id=\"9b1b652\" data-element_type=\"section\" data-e-type=\"section\">\n\t\t\t\t\t\t<div class=\"elementor-container elementor-column-gap-default\">\n\t\t\t\t\t<div class=\"elementor-column elementor-col-50 elementor-top-column elementor-element elementor-element-f6d762e\" data-id=\"f6d762e\" data-element_type=\"column\" data-e-type=\"column\">\n\t\t\t<div class=\"elementor-widget-wrap elementor-element-populated\">\n\t\t\t\t\t\t<div class=\"elementor-element elementor-element-c818128 elementor-widget elementor-widget-image\" data-id=\"c818128\" data-element_type=\"widget\" data-e-type=\"widget\" data-widget_type=\"image.default\">\n\t\t\t\t<div class=\"elementor-widget-container\">\n\t\t\t\t\t\t\t\t\t\t\t\t\t\t\t<img decoding=\"async\" width=\"300\" height=\"300\" src=\"https:\/\/trappenstore.be\/wp-content\/uploads\/2020\/08\/Dolle-Pro-3-floor-mounted-silver-300x300.jpg\" class=\"attachment-medium size-medium wp-image-7747\" alt=\"\" srcset=\"https:\/\/trappenstore.be\/wp-content\/uploads\/2020\/08\/Dolle-Pro-3-floor-mounted-silver-300x300.jpg 300w, https:\/\/trappenstore.be\/wp-content\/uploads\/2020\/08\/Dolle-Pro-3-floor-mounted-silver-600x600.jpg 600w, https:\/\/trappenstore.be\/wp-content\/uploads\/2020\/08\/Dolle-Pro-3-floor-mounted-silver-1024x1024.jpg 1024w, https:\/\/trappenstore.be\/wp-content\/uploads\/2020\/08\/Dolle-Pro-3-floor-mounted-silver-150x150.jpg 150w, https:\/\/trappenstore.be\/wp-content\/uploads\/2020\/08\/Dolle-Pro-3-floor-mounted-silver-768x768.jpg 768w, https:\/\/trappenstore.be\/wp-content\/uploads\/2020\/08\/Dolle-Pro-3-floor-mounted-silver-1536x1536.jpg 1536w, https:\/\/trappenstore.be\/wp-content\/uploads\/2020\/08\/Dolle-Pro-3-floor-mounted-silver-2048x2048.jpg 2048w\" sizes=\"(max-width: 300px) 100vw, 300px\" \/>\t\t\t\t\t\t\t\t\t\t\t\t\t\t\t<\/div>\n\t\t\t\t<\/div>\n\t\t\t\t\t<\/div>\n\t\t<\/div>\n\t\t\t\t<div class=\"elementor-column elementor-col-50 elementor-top-column elementor-element elementor-element-7e23d82\" data-id=\"7e23d82\" data-element_type=\"column\" data-e-type=\"column\">\n\t\t\t<div class=\"elementor-widget-wrap elementor-element-populated\">\n\t\t\t\t\t\t<div class=\"elementor-element elementor-element-ea02b4b elementor-widget elementor-widget-image\" data-id=\"ea02b4b\" data-element_type=\"widget\" data-e-type=\"widget\" data-widget_type=\"image.default\">\n\t\t\t\t<div class=\"elementor-widget-container\">\n\t\t\t\t\t\t\t\t\t\t\t\t\t\t\t<img decoding=\"async\" width=\"286\" height=\"284\" src=\"https:\/\/trappenstore.be\/wp-content\/uploads\/2020\/08\/Prova-e1597406148393.jpg\" class=\"attachment-large size-large wp-image-7421\" alt=\"\" srcset=\"https:\/\/trappenstore.be\/wp-content\/uploads\/2020\/08\/Prova-e1597406148393.jpg 286w, https:\/\/trappenstore.be\/wp-content\/uploads\/2020\/08\/Prova-e1597406148393-100x100.jpg 100w, https:\/\/trappenstore.be\/wp-content\/uploads\/2020\/08\/Prova-e1597406148393-150x150.jpg 150w\" sizes=\"(max-width: 286px) 100vw, 286px\" \/>\t\t\t\t\t\t\t\t\t\t\t\t\t\t\t<\/div>\n\t\t\t\t<\/div>\n\t\t\t\t\t<\/div>\n\t\t<\/div>\n\t\t\t\t\t<\/div>\n\t\t<\/section>\n\t\t\t\t<\/div>","protected":false},"excerpt":{"rendered":"<p>Het PROVA-balustradesysteem heeft een minimalistisch en eenvoudig ontwerp waardoor het gemakkelijk is om het trapleuning-systeem te integreren in de bestaande stijl van uw huis. Speciaal ontworpen componenten maken Prova tot een flexibele oplossing met veel montagemogelijkheden. Prova bestaat uit een beperkt aantal componenten en is zeer eenvoudig te monteren. De uitgebreide verstelbaarheid van het systeem [&hellip;]<\/p>\n","protected":false},"author":1,"featured_media":0,"parent":0,"menu_order":0,"comment_status":"closed","ping_status":"closed","template":"elementor_header_footer","meta":{"_acf_changed":false,"footnotes":""},"class_list":["post-7418","page","type-page","status-publish","hentry"],"acf":[],"_links":{"self":[{"href":"https:\/\/trappenstore.be\/de\/wp-json\/wp\/v2\/pages\/7418","targetHints":{"allow":["GET"]}}],"collection":[{"href":"https:\/\/trappenstore.be\/de\/wp-json\/wp\/v2\/pages"}],"about":[{"href":"https:\/\/trappenstore.be\/de\/wp-json\/wp\/v2\/types\/page"}],"author":[{"embeddable":true,"href":"https:\/\/trappenstore.be\/de\/wp-json\/wp\/v2\/users\/1"}],"replies":[{"embeddable":true,"href":"https:\/\/trappenstore.be\/de\/wp-json\/wp\/v2\/comments?post=7418"}],"version-history":[{"count":0,"href":"https:\/\/trappenstore.be\/de\/wp-json\/wp\/v2\/pages\/7418\/revisions"}],"wp:attachment":[{"href":"https:\/\/trappenstore.be\/de\/wp-json\/wp\/v2\/media?parent=7418"}],"curies":[{"name":"wp","href":"https:\/\/api.w.org\/{rel}","templated":true}]}}