{"id":5507,"date":"2020-06-17T17:35:11","date_gmt":"2020-06-17T15:35:11","guid":{"rendered":"https:\/\/trappenstore.be\/?page_id=5507"},"modified":"2020-06-17T17:35:35","modified_gmt":"2020-06-17T15:35:35","slug":"balustrade-systemen","status":"publish","type":"page","link":"https:\/\/trappenstore.be\/de\/balustrade-systemen\/","title":{"rendered":"Balustradensysteme"},"content":{"rendered":"<p>PROVA ALU hat ein minimalistisches und schlichtes Design, das es einfach macht, das Gel\u00e4ndersystem in den bestehenden Stil Ihres Hauses zu integrieren.<\/p>\n\n\n\n<p>Die speziell entwickelten Komponenten machen Prova alu zu einer flexiblen L\u00f6sung mit zahlreichen Befestigungsm\u00f6glichkeiten.<\/p>\n\n\n\n<p>Prova Alu eignet sich sowohl f\u00fcr den Innen- als auch f\u00fcr den Au\u00dfenbereich als Gel\u00e4nder f\u00fcr Terrasse, Balkon und Flur oder als Gel\u00e4nderl\u00f6sung f\u00fcr Treppen.<\/p>\n\n\n\n<p>Prova Alu besteht aus einer begrenzten Anzahl von Komponenten und ist extrem einfach zu montieren.<\/p>\n\n\n\n<p>Die weitgehende Anpassungsf\u00e4higkeit des Systems macht es einfach und bequem, die Gel\u00e4nderpfosten auch bei unebenen Oberfl\u00e4chen v\u00f6llig eben auszurichten.<\/p>\n\n\n\n<p>Gestalten Sie Ihr Gel\u00e4ndersystem: Hier k\u00f6nnen Sie ein Treppengel\u00e4ndersystem nach Ihren Bed\u00fcrfnissen und W\u00fcnschen berechnen.<\/p>","protected":false},"excerpt":{"rendered":"<p>PROVA ALU heeft een minimalistisch en eenvoudig ontwerp dat het gemakkelijk maakt om het trapleuningsysteem in de bestaande stijl van uw huis te integreren. De speciaal ontworpen onderdelen maken van Prova alu een flexibele oplossing met talrijke montagemogelijkheden. Prova alu is geschikt voor zowel binnen- als buitengebruik als leuning voor het terras, balkon en hal [&hellip;]<\/p>\n","protected":false},"author":1,"featured_media":0,"parent":0,"menu_order":0,"comment_status":"closed","ping_status":"closed","template":"","meta":{"_acf_changed":false,"footnotes":""},"class_list":["post-5507","page","type-page","status-publish","hentry"],"acf":[],"_links":{"self":[{"href":"https:\/\/trappenstore.be\/de\/wp-json\/wp\/v2\/pages\/5507","targetHints":{"allow":["GET"]}}],"collection":[{"href":"https:\/\/trappenstore.be\/de\/wp-json\/wp\/v2\/pages"}],"about":[{"href":"https:\/\/trappenstore.be\/de\/wp-json\/wp\/v2\/types\/page"}],"author":[{"embeddable":true,"href":"https:\/\/trappenstore.be\/de\/wp-json\/wp\/v2\/users\/1"}],"replies":[{"embeddable":true,"href":"https:\/\/trappenstore.be\/de\/wp-json\/wp\/v2\/comments?post=5507"}],"version-history":[{"count":0,"href":"https:\/\/trappenstore.be\/de\/wp-json\/wp\/v2\/pages\/5507\/revisions"}],"wp:attachment":[{"href":"https:\/\/trappenstore.be\/de\/wp-json\/wp\/v2\/media?parent=5507"}],"curies":[{"name":"wp","href":"https:\/\/api.w.org\/{rel}","templated":true}]}}