{"id":4103,"date":"2020-05-28T16:23:10","date_gmt":"2020-05-28T14:23:10","guid":{"rendered":"https:\/\/trappenstore.be\/?page_id=4103"},"modified":"2020-09-30T10:42:50","modified_gmt":"2020-09-30T08:42:50","slug":"publiciteitsartikelen","status":"publish","type":"page","link":"https:\/\/trappenstore.be\/de\/publiciteitsartikelen\/","title":{"rendered":"Werbeartikel"},"content":{"rendered":"<div data-elementor-type=\"wp-page\" data-elementor-id=\"4103\" class=\"elementor elementor-4103\" data-elementor-post-type=\"page\">\n\t\t\t\t\t\t<section class=\"elementor-section elementor-top-section elementor-element elementor-element-27a611f elementor-section-boxed elementor-section-height-default elementor-section-height-default\" data-id=\"27a611f\" data-element_type=\"section\" data-e-type=\"section\">\n\t\t\t\t\t\t<div class=\"elementor-container elementor-column-gap-default\">\n\t\t\t\t\t<div class=\"elementor-column elementor-col-100 elementor-top-column elementor-element elementor-element-df0e12f\" data-id=\"df0e12f\" data-element_type=\"column\" data-e-type=\"column\">\n\t\t\t<div class=\"elementor-widget-wrap elementor-element-populated\">\n\t\t\t\t\t\t<div class=\"elementor-element elementor-element-5ce2c14 elementor-widget elementor-widget-heading\" data-id=\"5ce2c14\" data-element_type=\"widget\" data-e-type=\"widget\" data-widget_type=\"heading.default\">\n\t\t\t\t<div class=\"elementor-widget-container\">\n\t\t\t\t\t<h2 class=\"elementor-heading-title elementor-size-default\">Werbeartikel<\/h2>\t\t\t\t<\/div>\n\t\t\t\t<\/div>\n\t\t\t\t<div class=\"elementor-element elementor-element-eb8d44d elementor-widget-divider--view-line elementor-widget elementor-widget-divider\" data-id=\"eb8d44d\" data-element_type=\"widget\" data-e-type=\"widget\" data-widget_type=\"divider.default\">\n\t\t\t\t<div class=\"elementor-widget-container\">\n\t\t\t\t\t\t\t<div class=\"elementor-divider\">\n\t\t\t<span class=\"elementor-divider-separator\">\n\t\t\t\t\t\t<\/span>\n\t\t<\/div>\n\t\t\t\t\t\t<\/div>\n\t\t\t\t<\/div>\n\t\t\t\t<div class=\"elementor-element elementor-element-0b329b7 elementor-widget__width-initial elementor-widget elementor-widget-text-editor\" data-id=\"0b329b7\" data-element_type=\"widget\" data-e-type=\"widget\" data-widget_type=\"text-editor.default\">\n\t\t\t\t<div class=\"elementor-widget-container\">\n\t\t\t\t\t\t\t\t\t<p style=\"text-align: center\">Seit vielen Jahren bedrucken wir qualitativ Zollstock, Ma\u00dfband und Bleistifte.<\/p><h5><span style=\"font-size: 1rem\">Diese k\u00f6nnen ab sofort auf unserer Website bestellt werden. Sie m\u00fcssen lediglich auf eine Kategorie klicken und anschlie\u00dfend das gew\u00fcnschte Produkt in den Warenkorb legen.\u00a0<\/span><span style=\"font-size: 1rem\">Wir werden uns dann mit Ihnen in Verbindung setzen, um das richtige Logo zu erhalten.<\/span><\/h5><div><span style=\"font-size: 1rem\">\u00a0<\/span><\/div>\t\t\t\t\t\t\t\t<\/div>\n\t\t\t\t<\/div>\n\t\t\t\t\t<\/div>\n\t\t<\/div>\n\t\t\t\t\t<\/div>\n\t\t<\/section>\n\t\t\t\t<section class=\"elementor-section elementor-top-section elementor-element elementor-element-49bf9f6 elementor-section-boxed elementor-section-height-default elementor-section-height-default\" data-id=\"49bf9f6\" data-element_type=\"section\" data-e-type=\"section\">\n\t\t\t\t\t\t<div class=\"elementor-container elementor-column-gap-default\">\n\t\t\t\t\t<div class=\"elementor-column elementor-col-33 elementor-top-column elementor-element elementor-element-81a1987\" data-id=\"81a1987\" data-element_type=\"column\" data-e-type=\"column\">\n\t\t\t<div class=\"elementor-widget-wrap elementor-element-populated\">\n\t\t\t\t\t\t<div class=\"elementor-element elementor-element-ab993cc elementor-widget elementor-widget-heading\" data-id=\"ab993cc\" data-element_type=\"widget\" data-e-type=\"widget\" data-widget_type=\"heading.default\">\n\t\t\t\t<div class=\"elementor-widget-container\">\n\t\t\t\t\t<h2 class=\"elementor-heading-title elementor-size-default\">Faltlineale<\/h2>\t\t\t\t<\/div>\n\t\t\t\t<\/div>\n\t\t\t\t<div class=\"elementor-element elementor-element-154d207 elementor-widget elementor-widget-image\" data-id=\"154d207\" data-element_type=\"widget\" data-e-type=\"widget\" data-widget_type=\"image.default\">\n\t\t\t\t<div class=\"elementor-widget-container\">\n\t\t\t\t\t\t\t\t\t\t\t\t\t\t\t\t<a href=\"https:\/\/trappenstore.be\/de\/produkt\/vouwmeter\/\">\n\t\t\t\t\t\t\t<img fetchpriority=\"high\" decoding=\"async\" width=\"800\" height=\"478\" src=\"https:\/\/trappenstore.be\/wp-content\/uploads\/2020\/06\/website-vouwmeter-1024x612.jpg\" class=\"attachment-large size-large wp-image-4129\" alt=\"\" srcset=\"https:\/\/trappenstore.be\/wp-content\/uploads\/2020\/06\/website-vouwmeter-1024x612.jpg 1024w, https:\/\/trappenstore.be\/wp-content\/uploads\/2020\/06\/website-vouwmeter-scaled-600x359.jpg 600w, https:\/\/trappenstore.be\/wp-content\/uploads\/2020\/06\/website-vouwmeter-scaled-300x179.jpg 300w, https:\/\/trappenstore.be\/wp-content\/uploads\/2020\/06\/website-vouwmeter-768x459.jpg 768w, https:\/\/trappenstore.be\/wp-content\/uploads\/2020\/06\/website-vouwmeter-1536x918.jpg 1536w, https:\/\/trappenstore.be\/wp-content\/uploads\/2020\/06\/website-vouwmeter-2048x1224.jpg 2048w\" sizes=\"(max-width: 800px) 100vw, 800px\" \/>\t\t\t\t\t\t\t\t<\/a>\n\t\t\t\t\t\t\t\t\t\t\t\t\t\t\t<\/div>\n\t\t\t\t<\/div>\n\t\t\t\t\t<\/div>\n\t\t<\/div>\n\t\t\t\t<div class=\"elementor-column elementor-col-33 elementor-top-column elementor-element elementor-element-87ecdc7\" data-id=\"87ecdc7\" data-element_type=\"column\" data-e-type=\"column\">\n\t\t\t<div class=\"elementor-widget-wrap elementor-element-populated\">\n\t\t\t\t\t\t<div class=\"elementor-element elementor-element-77983fc elementor-widget elementor-widget-heading\" data-id=\"77983fc\" data-element_type=\"widget\" data-e-type=\"widget\" data-widget_type=\"heading.default\">\n\t\t\t\t<div class=\"elementor-widget-container\">\n\t\t\t\t\t<h2 class=\"elementor-heading-title elementor-size-default\">Ma\u00dfb\u00e4nder<\/h2>\t\t\t\t<\/div>\n\t\t\t\t<\/div>\n\t\t\t\t<div class=\"elementor-element elementor-element-bfad6e9 elementor-widget elementor-widget-image\" data-id=\"bfad6e9\" data-element_type=\"widget\" data-e-type=\"widget\" data-widget_type=\"image.default\">\n\t\t\t\t<div class=\"elementor-widget-container\">\n\t\t\t\t\t\t\t\t\t\t\t\t\t\t\t\t<a href=\"https:\/\/trappenstore.be\/de\/produkt\/rolmeter\/\">\n\t\t\t\t\t\t\t<img decoding=\"async\" width=\"2560\" height=\"1529\" src=\"https:\/\/trappenstore.be\/wp-content\/uploads\/2020\/06\/website-rolmeter-scaled.jpg\" class=\"attachment-full size-full wp-image-4128\" alt=\"\" srcset=\"https:\/\/trappenstore.be\/wp-content\/uploads\/2020\/06\/website-rolmeter-scaled.jpg 2560w, https:\/\/trappenstore.be\/wp-content\/uploads\/2020\/06\/website-rolmeter-scaled-600x358.jpg 600w, https:\/\/trappenstore.be\/wp-content\/uploads\/2020\/06\/website-rolmeter-scaled-300x179.jpg 300w, https:\/\/trappenstore.be\/wp-content\/uploads\/2020\/06\/website-rolmeter-1024x611.jpg 1024w, https:\/\/trappenstore.be\/wp-content\/uploads\/2020\/06\/website-rolmeter-768x459.jpg 768w, https:\/\/trappenstore.be\/wp-content\/uploads\/2020\/06\/website-rolmeter-1536x917.jpg 1536w, https:\/\/trappenstore.be\/wp-content\/uploads\/2020\/06\/website-rolmeter-2048x1223.jpg 2048w\" sizes=\"(max-width: 2560px) 100vw, 2560px\" \/>\t\t\t\t\t\t\t\t<\/a>\n\t\t\t\t\t\t\t\t\t\t\t\t\t\t\t<\/div>\n\t\t\t\t<\/div>\n\t\t\t\t\t<\/div>\n\t\t<\/div>\n\t\t\t\t<div class=\"elementor-column elementor-col-33 elementor-top-column elementor-element elementor-element-ce1dbfd\" data-id=\"ce1dbfd\" data-element_type=\"column\" data-e-type=\"column\">\n\t\t\t<div class=\"elementor-widget-wrap elementor-element-populated\">\n\t\t\t\t\t\t<div class=\"elementor-element elementor-element-1e889ec elementor-widget elementor-widget-heading\" data-id=\"1e889ec\" data-element_type=\"widget\" data-e-type=\"widget\" data-widget_type=\"heading.default\">\n\t\t\t\t<div class=\"elementor-widget-container\">\n\t\t\t\t\t<h2 class=\"elementor-heading-title elementor-size-default\">Bleistifte<\/h2>\t\t\t\t<\/div>\n\t\t\t\t<\/div>\n\t\t\t\t<div class=\"elementor-element elementor-element-0daf59b elementor-widget elementor-widget-image\" data-id=\"0daf59b\" data-element_type=\"widget\" data-e-type=\"widget\" data-widget_type=\"image.default\">\n\t\t\t\t<div class=\"elementor-widget-container\">\n\t\t\t\t\t\t\t\t\t\t\t\t\t\t\t\t<a href=\"https:\/\/trappenstore.be\/de\/produkt\/potlood\/\">\n\t\t\t\t\t\t\t<img decoding=\"async\" width=\"2560\" height=\"1531\" src=\"https:\/\/trappenstore.be\/wp-content\/uploads\/2020\/06\/website-potlood-scaled.jpg\" class=\"attachment-full size-full wp-image-4127\" alt=\"\" srcset=\"https:\/\/trappenstore.be\/wp-content\/uploads\/2020\/06\/website-potlood-scaled.jpg 2560w, https:\/\/trappenstore.be\/wp-content\/uploads\/2020\/06\/website-potlood-scaled-600x359.jpg 600w, https:\/\/trappenstore.be\/wp-content\/uploads\/2020\/06\/website-potlood-scaled-300x179.jpg 300w, https:\/\/trappenstore.be\/wp-content\/uploads\/2020\/06\/website-potlood-1024x612.jpg 1024w, https:\/\/trappenstore.be\/wp-content\/uploads\/2020\/06\/website-potlood-768x459.jpg 768w, https:\/\/trappenstore.be\/wp-content\/uploads\/2020\/06\/website-potlood-1536x918.jpg 1536w, https:\/\/trappenstore.be\/wp-content\/uploads\/2020\/06\/website-potlood-2048x1225.jpg 2048w\" sizes=\"(max-width: 2560px) 100vw, 2560px\" \/>\t\t\t\t\t\t\t\t<\/a>\n\t\t\t\t\t\t\t\t\t\t\t\t\t\t\t<\/div>\n\t\t\t\t<\/div>\n\t\t\t\t\t<\/div>\n\t\t<\/div>\n\t\t\t\t\t<\/div>\n\t\t<\/section>\n\t\t\t\t<\/div>","protected":false},"excerpt":{"rendered":"<p>Publiciteitsartikelen Al vele jaren bedrukken wij op een kwalitatieve manier vouwmeters, rolmeters en potloden. Deze kunnen voortaan op onze website besteld worden. Het volstaat om op een categorie te klikken en het gewenste product vervolgens in het winkelmandje te plaatsen.&nbsp;Wij contacteren U vervolgens om het juiste logo te verkrijgen. Vouwmeters Rolmeters Potloden<\/p>","protected":false},"author":1,"featured_media":0,"parent":0,"menu_order":0,"comment_status":"closed","ping_status":"closed","template":"elementor_header_footer","meta":{"_acf_changed":false,"footnotes":""},"class_list":["post-4103","page","type-page","status-publish","hentry"],"acf":[],"_links":{"self":[{"href":"https:\/\/trappenstore.be\/de\/wp-json\/wp\/v2\/pages\/4103","targetHints":{"allow":["GET"]}}],"collection":[{"href":"https:\/\/trappenstore.be\/de\/wp-json\/wp\/v2\/pages"}],"about":[{"href":"https:\/\/trappenstore.be\/de\/wp-json\/wp\/v2\/types\/page"}],"author":[{"embeddable":true,"href":"https:\/\/trappenstore.be\/de\/wp-json\/wp\/v2\/users\/1"}],"replies":[{"embeddable":true,"href":"https:\/\/trappenstore.be\/de\/wp-json\/wp\/v2\/comments?post=4103"}],"version-history":[{"count":0,"href":"https:\/\/trappenstore.be\/de\/wp-json\/wp\/v2\/pages\/4103\/revisions"}],"wp:attachment":[{"href":"https:\/\/trappenstore.be\/de\/wp-json\/wp\/v2\/media?parent=4103"}],"curies":[{"name":"wp","href":"https:\/\/api.w.org\/{rel}","templated":true}]}}