{"id":3968,"date":"2020-05-27T14:08:53","date_gmt":"2020-05-27T12:08:53","guid":{"rendered":"https:\/\/trappenstore.be\/?page_id=3968"},"modified":"2020-06-02T16:04:17","modified_gmt":"2020-06-02T14:04:17","slug":"kwaliteit","status":"publish","type":"page","link":"https:\/\/trappenstore.be\/de\/kwaliteit\/","title":{"rendered":"Qualit\u00e4t"},"content":{"rendered":"<div data-elementor-type=\"wp-page\" data-elementor-id=\"3968\" class=\"elementor elementor-3968\" data-elementor-post-type=\"page\">\n\t\t\t\t\t\t<section class=\"elementor-section elementor-top-section elementor-element elementor-element-47077e95 elementor-section-boxed elementor-section-height-default elementor-section-height-default\" data-id=\"47077e95\" data-element_type=\"section\" data-e-type=\"section\">\n\t\t\t\t\t\t<div class=\"elementor-container elementor-column-gap-default\">\n\t\t\t\t\t<div class=\"elementor-column elementor-col-100 elementor-top-column elementor-element elementor-element-3e8f3771\" data-id=\"3e8f3771\" data-element_type=\"column\" data-e-type=\"column\">\n\t\t\t<div class=\"elementor-widget-wrap elementor-element-populated\">\n\t\t\t\t\t\t<div class=\"elementor-element elementor-element-72c80a89 elementor-widget elementor-widget-text-editor\" data-id=\"72c80a89\" data-element_type=\"widget\" data-e-type=\"widget\" data-widget_type=\"text-editor.default\">\n\t\t\t\t<div class=\"elementor-widget-container\">\n\t\t\t\t\t\t\t\t\t<p><\/p>\n<div class=\"wp-block-image\">\n<figure class=\"alignleft size-large is-resized\"><img fetchpriority=\"high\" decoding=\"async\" class=\"wp-image-3876\" src=\"https:\/\/trappenstore.be\/wp-content\/uploads\/2020\/05\/1-3-1024x614.png\" alt=\"\" width=\"1024\" height=\"614\" srcset=\"https:\/\/trappenstore.be\/wp-content\/uploads\/2020\/05\/1-3-1024x614.png 1024w, https:\/\/trappenstore.be\/wp-content\/uploads\/2020\/05\/1-3-600x360.png 600w, https:\/\/trappenstore.be\/wp-content\/uploads\/2020\/05\/1-3-300x180.png 300w, https:\/\/trappenstore.be\/wp-content\/uploads\/2020\/05\/1-3-768x461.png 768w, https:\/\/trappenstore.be\/wp-content\/uploads\/2020\/05\/1-3-1536x922.png 1536w, https:\/\/trappenstore.be\/wp-content\/uploads\/2020\/05\/1-3.png 1890w\" sizes=\"(max-width: 1024px) 100vw, 1024px\" \/><\/figure>\n<figure class=\"alignleft size-large is-resized\"><span style=\"font-size: 1rem\">Wenn Sie einen authentischen ORO &amp; ORO Griff kaufen, kaufen Sie ein einzigartiges Produkt, entwickelt und produziert nach strengen italienischen Standards<\/span><\/figure>\n<\/div>\n<p><\/p>\n<p>Schlie\u00dflich folgt unser Qualit\u00e4tsteam strengen Qualit\u00e4tsstandards.<\/p>\n<p><\/p>\n<p>Unser Inspektionsteam folgt europ\u00e4ischen und italienischen Standards.<\/p>\n<p><\/p>\n<p>Besondere Sorgfalt wird darauf verwendet, jeden Schritt des Produktionsprozesses vom Rohstoffeinkauf bis zur Endverpackung zu \u00fcberpr\u00fcfen<\/p>\n<p><\/p>\n<p>Daher gew\u00e4hren wir 5 Jahre Garantie auf Herstellungsfehler:<\/p>\n<p><\/p>\n<ul class=\"wp-block-list\">\n<li>\u00d6ffnungs- und Schlie\u00dfmechanismus<\/li>\n<\/ul>\n<p><\/p>\n<p>Wir garantieren den \u00d6ffnungs-\/Schlie\u00dfmechanismus unserer Griffe f\u00fcr mindestens 200.000 \u00d6ffnungs- und Schlie\u00dfbewegungen<\/p>\n<p><\/p>\n<ul class=\"wp-block-list\">\n<li>Oberfl\u00e4che<\/li>\n<\/ul>\n<p><\/p>\n<p>Wir garantieren, dass die Oberfl\u00e4chenbehandlung mindestens 5 Jahre intakt bleibt *<\/p>\n<p><\/p>\n<h6><em>Hinweis: Um die urspr\u00fcnglichen Eigenschaften des Produkts nicht zu ver\u00e4ndern, wird dringend empfohlen, zur Reinigung keine scheuernden Reinigungsmittel zu verwenden, sondern nur ein weiches, trockenes Tuch zu verwenden.<\/em><\/h6>\n<p><\/p>\t\t\t\t\t\t\t\t<\/div>\n\t\t\t\t<\/div>\n\t\t\t\t\t<\/div>\n\t\t<\/div>\n\t\t\t\t\t<\/div>\n\t\t<\/section>\n\t\t\t\t<\/div>","protected":false},"excerpt":{"rendered":"<p>Ons kwaliteitsteam volgt immers strikte kwaliteitsnormen. Ons Inspectieteam volgt de Europese en Italiaanse standaarden. Speciale zorg wordt besteed aan het inspecteren van elke stap in het productieproces van bij de aankoop van de grondstoffen tot en met de uiteindelijke verpakking Wij geven daarom een garantie van 5 jaar tegen fabricage fouten: Open en sluit mechaniek [&hellip;]<\/p>\n","protected":false},"author":1,"featured_media":0,"parent":0,"menu_order":0,"comment_status":"closed","ping_status":"closed","template":"elementor_header_footer","meta":{"_acf_changed":false,"footnotes":""},"class_list":["post-3968","page","type-page","status-publish","hentry"],"acf":[],"_links":{"self":[{"href":"https:\/\/trappenstore.be\/de\/wp-json\/wp\/v2\/pages\/3968","targetHints":{"allow":["GET"]}}],"collection":[{"href":"https:\/\/trappenstore.be\/de\/wp-json\/wp\/v2\/pages"}],"about":[{"href":"https:\/\/trappenstore.be\/de\/wp-json\/wp\/v2\/types\/page"}],"author":[{"embeddable":true,"href":"https:\/\/trappenstore.be\/de\/wp-json\/wp\/v2\/users\/1"}],"replies":[{"embeddable":true,"href":"https:\/\/trappenstore.be\/de\/wp-json\/wp\/v2\/comments?post=3968"}],"version-history":[{"count":0,"href":"https:\/\/trappenstore.be\/de\/wp-json\/wp\/v2\/pages\/3968\/revisions"}],"wp:attachment":[{"href":"https:\/\/trappenstore.be\/de\/wp-json\/wp\/v2\/media?parent=3968"}],"curies":[{"name":"wp","href":"https:\/\/api.w.org\/{rel}","templated":true}]}}