{"id":12469,"date":"2021-11-09T17:42:32","date_gmt":"2021-11-09T16:42:32","guid":{"rendered":"https:\/\/trappenstore.be\/?page_id=12469"},"modified":"2021-11-15T12:58:58","modified_gmt":"2021-11-15T11:58:58","slug":"dolle","status":"publish","type":"page","link":"https:\/\/trappenstore.be\/de\/dolle\/","title":{"rendered":""},"content":{"rendered":"<div data-elementor-type=\"wp-page\" data-elementor-id=\"12469\" class=\"elementor elementor-12469\" data-elementor-post-type=\"page\">\n\t\t\t\t\t\t<section class=\"elementor-section elementor-top-section elementor-element elementor-element-36965e20 elementor-section-full_width elementor-section-height-default elementor-section-height-default\" data-id=\"36965e20\" data-element_type=\"section\" data-e-type=\"section\">\n\t\t\t\t\t\t<div class=\"elementor-container elementor-column-gap-no\">\n\t\t\t\t\t<div class=\"elementor-column elementor-col-100 elementor-top-column elementor-element elementor-element-b2f7cf1\" data-id=\"b2f7cf1\" data-element_type=\"column\" data-e-type=\"column\">\n\t\t\t<div class=\"elementor-widget-wrap elementor-element-populated\">\n\t\t\t\t\t\t<div class=\"elementor-element elementor-element-2a284ef elementor-widget elementor-widget-image\" data-id=\"2a284ef\" data-element_type=\"widget\" data-e-type=\"widget\" data-widget_type=\"image.default\">\n\t\t\t\t<div class=\"elementor-widget-container\">\n\t\t\t\t\t\t\t\t\t\t\t\t\t\t\t\t<a href=\"https:\/\/trappenstore.be\/wp-content\/uploads\/2021\/04\/cropped-dolle-logo.png\" data-elementor-open-lightbox=\"yes\" data-elementor-lightbox-title=\"cropped-dolle-logo.png\" data-elementor-lightbox-description=\"https:\/\/trappenstore.be\/wp-content\/uploads\/2021\/04\/cropped-dolle-logo.png\" data-e-action-hash=\"#elementor-action%3Aaction%3Dlightbox%26settings%3DeyJpZCI6OTkzNSwidXJsIjoiaHR0cHM6XC9cL3RyYXBwZW5zdG9yZS5iZVwvd3AtY29udGVudFwvdXBsb2Fkc1wvMjAyMVwvMDRcL2Nyb3BwZWQtZG9sbGUtbG9nby5wbmcifQ%3D%3D\">\n\t\t\t\t\t\t\t<img decoding=\"async\" width=\"212\" height=\"85\" src=\"https:\/\/trappenstore.be\/wp-content\/uploads\/2021\/04\/cropped-dolle-logo.png\" class=\"attachment-large size-large wp-image-9935\" alt=\"cropped-dolle-logo.png\" \/>\t\t\t\t\t\t\t\t<\/a>\n\t\t\t\t\t\t\t\t\t\t\t\t\t\t\t<\/div>\n\t\t\t\t<\/div>\n\t\t\t\t<div class=\"elementor-element elementor-element-191cc735 elementor-widget elementor-widget-text-editor\" data-id=\"191cc735\" data-element_type=\"widget\" data-e-type=\"widget\" data-widget_type=\"text-editor.default\">\n\t\t\t\t<div class=\"elementor-widget-container\">\n\t\t\t\t\t\t\t\t\t\n<p><strong>Wir sind stolzer Distributor von DOLLE seit &gt; 25 Jahren<\/strong> Treppen, dem Weltmarktf\u00fchrer f\u00fcr Dachboden-, Modul-, Dreh- und Fr\u00e4streppen und Br\u00fcstungssysteme. Der \u201esichere Weg nach oben\u201c garantiert Qualit\u00e4t, Sicherheit und maximale Isolation. Beim clickFIX<sup>\u00ae&nbsp; &nbsp;<\/sup>Modellen ist die Montage dank des einzigartigen clickFIX . sogar ein Kinderspiel<sup>\u00ae<\/sup> System <strong><a href=\"https:\/\/trappenstore.be\/de\/de-clickfix-technologie\/\" target=\"_blank\" rel=\"noreferrer noopener\">Weiterlesen -<\/a><\/strong><\/p>\n\n\n\n<p>Dolle ist auch ein <strong>Spezialist f\u00fcr ma\u00dfgeschneiderte<\/strong> Treppen machen. Schlie\u00dflich wissen sie, dass nicht jedes Haus gleich ist. Rechnen Sie mit 6 Wochen Lieferzeit f\u00fcr eine Schrittgr\u00f6\u00dfe.<\/p>\n\n\n\n<p>Dar\u00fcber hinaus halten wir bei LUXMA immer ein <strong>Lagerbestand von mindestens 6 Monaten<\/strong> Dadurch k\u00f6nnen wir schnell auf sich \u00e4ndernde Marktbedingungen reagieren. Wir liefern w\u00f6chentlich \u00fcberall in Belgien.<\/p>\n\n\n\n<figure class=\"wp-block-image\"><img fetchpriority=\"high\" decoding=\"async\" width=\"300\" height=\"216\" src=\"https:\/\/trappenstore.be\/wp-content\/uploads\/2020\/07\/Dolle-300x216.gif\" alt=\"\" class=\"wp-image-10032\"\/><\/figure>\n\t\t\t\t\t\t\t\t<\/div>\n\t\t\t\t<\/div>\n\t\t\t\t\t<\/div>\n\t\t<\/div>\n\t\t\t\t\t<\/div>\n\t\t<\/section>\n\t\t\t\t<\/div>","protected":false},"excerpt":{"rendered":"<p>Wij zijn reeds &gt; 25 jaar trotse verdeler van DOLLE trappen, de globale marktleider in zolder- modulaire- spil- en molenaarstrappen en balustradesystemen. De &#8216;safe way to the top&#8217; garandeert kwaliteit, veiligheid en maximale isolatie.&nbsp; Bij de clickFIX\u00ae&nbsp; &nbsp;modellen is de installatie zelfs kinderspel dankzij het unieke clickFIX\u00ae systeem lees meer &#8211; Dolle is eveneens een [&hellip;]<\/p>\n","protected":false},"author":1,"featured_media":0,"parent":0,"menu_order":0,"comment_status":"closed","ping_status":"closed","template":"","meta":{"_acf_changed":false,"footnotes":""},"class_list":["post-12469","page","type-page","status-publish","hentry"],"acf":[],"_links":{"self":[{"href":"https:\/\/trappenstore.be\/de\/wp-json\/wp\/v2\/pages\/12469","targetHints":{"allow":["GET"]}}],"collection":[{"href":"https:\/\/trappenstore.be\/de\/wp-json\/wp\/v2\/pages"}],"about":[{"href":"https:\/\/trappenstore.be\/de\/wp-json\/wp\/v2\/types\/page"}],"author":[{"embeddable":true,"href":"https:\/\/trappenstore.be\/de\/wp-json\/wp\/v2\/users\/1"}],"replies":[{"embeddable":true,"href":"https:\/\/trappenstore.be\/de\/wp-json\/wp\/v2\/comments?post=12469"}],"version-history":[{"count":0,"href":"https:\/\/trappenstore.be\/de\/wp-json\/wp\/v2\/pages\/12469\/revisions"}],"wp:attachment":[{"href":"https:\/\/trappenstore.be\/de\/wp-json\/wp\/v2\/media?parent=12469"}],"curies":[{"name":"wp","href":"https:\/\/api.w.org\/{rel}","templated":true}]}}