{"id":11,"date":"2019-10-25T12:01:48","date_gmt":"2019-10-25T10:01:48","guid":{"rendered":"http:\/\/luxma.local\/?page_id=11"},"modified":"2022-01-10T16:22:07","modified_gmt":"2022-01-10T15:22:07","slug":"over-ons","status":"publish","type":"page","link":"https:\/\/trappenstore.be\/de\/over-ons\/","title":{"rendered":"\u00dcber uns"},"content":{"rendered":"<div data-elementor-type=\"wp-page\" data-elementor-id=\"11\" class=\"elementor elementor-11\" data-elementor-post-type=\"page\">\n\t\t\t\t\t\t<section class=\"elementor-section elementor-top-section elementor-element elementor-element-cc1cbcf elementor-section-boxed elementor-section-height-default elementor-section-height-default\" data-id=\"cc1cbcf\" data-element_type=\"section\" data-e-type=\"section\">\n\t\t\t\t\t\t<div class=\"elementor-container elementor-column-gap-default\">\n\t\t\t\t\t<div class=\"elementor-column elementor-col-50 elementor-top-column elementor-element elementor-element-8699cea\" data-id=\"8699cea\" data-element_type=\"column\" data-e-type=\"column\">\n\t\t\t<div class=\"elementor-widget-wrap elementor-element-populated\">\n\t\t\t\t\t\t<div class=\"elementor-element elementor-element-7bdbb64 elementor-widget elementor-widget-image\" data-id=\"7bdbb64\" data-element_type=\"widget\" data-e-type=\"widget\" data-widget_type=\"image.default\">\n\t\t\t\t<div class=\"elementor-widget-container\">\n\t\t\t\t\t\t\t\t\t\t\t\t\t\t\t<img fetchpriority=\"high\" decoding=\"async\" width=\"2560\" height=\"1920\" src=\"https:\/\/trappenstore.be\/wp-content\/uploads\/2022\/01\/CF76G_nordichouse-2-scaled-1.jpeg\" class=\"attachment-full size-full wp-image-13206\" alt=\"\" srcset=\"https:\/\/trappenstore.be\/wp-content\/uploads\/2022\/01\/CF76G_nordichouse-2-scaled-1.jpeg 2560w, https:\/\/trappenstore.be\/wp-content\/uploads\/2022\/01\/CF76G_nordichouse-2-scaled-1-300x225.jpeg 300w, https:\/\/trappenstore.be\/wp-content\/uploads\/2022\/01\/CF76G_nordichouse-2-scaled-1-1024x768.jpeg 1024w, https:\/\/trappenstore.be\/wp-content\/uploads\/2022\/01\/CF76G_nordichouse-2-scaled-1-768x576.jpeg 768w, https:\/\/trappenstore.be\/wp-content\/uploads\/2022\/01\/CF76G_nordichouse-2-scaled-1-1536x1152.jpeg 1536w, https:\/\/trappenstore.be\/wp-content\/uploads\/2022\/01\/CF76G_nordichouse-2-scaled-1-2048x1536.jpeg 2048w, https:\/\/trappenstore.be\/wp-content\/uploads\/2022\/01\/CF76G_nordichouse-2-scaled-1-16x12.jpeg 16w, https:\/\/trappenstore.be\/wp-content\/uploads\/2022\/01\/CF76G_nordichouse-2-scaled-1-600x450.jpeg 600w\" sizes=\"(max-width: 2560px) 100vw, 2560px\" \/>\t\t\t\t\t\t\t\t\t\t\t\t\t\t\t<\/div>\n\t\t\t\t<\/div>\n\t\t\t\t\t<\/div>\n\t\t<\/div>\n\t\t\t\t<div class=\"elementor-column elementor-col-50 elementor-top-column elementor-element elementor-element-6712565\" data-id=\"6712565\" data-element_type=\"column\" data-e-type=\"column\">\n\t\t\t<div class=\"elementor-widget-wrap elementor-element-populated\">\n\t\t\t\t\t\t<div class=\"elementor-element elementor-element-64d191f elementor-widget elementor-widget-heading\" data-id=\"64d191f\" data-element_type=\"widget\" data-e-type=\"widget\" data-widget_type=\"heading.default\">\n\t\t\t\t<div class=\"elementor-widget-container\">\n\t\t\t\t\t<h3 class=\"elementor-heading-title elementor-size-default\">\u00dcber Stairstore<\/h3>\t\t\t\t<\/div>\n\t\t\t\t<\/div>\n\t\t\t\t<div class=\"elementor-element elementor-element-3652684 elementor-widget-divider--view-line elementor-widget elementor-widget-divider\" data-id=\"3652684\" data-element_type=\"widget\" data-e-type=\"widget\" data-widget_type=\"divider.default\">\n\t\t\t\t<div class=\"elementor-widget-container\">\n\t\t\t\t\t\t\t<div class=\"elementor-divider\">\n\t\t\t<span class=\"elementor-divider-separator\">\n\t\t\t\t\t\t<\/span>\n\t\t<\/div>\n\t\t\t\t\t\t<\/div>\n\t\t\t\t<\/div>\n\t\t\t\t<div class=\"elementor-element elementor-element-b4abe92 elementor-widget elementor-widget-text-editor\" data-id=\"b4abe92\" data-element_type=\"widget\" data-e-type=\"widget\" data-widget_type=\"text-editor.default\">\n\t\t\t\t<div class=\"elementor-widget-container\">\n\t\t\t\t\t\t\t\t\t<p><strong>Wir sind stolzer Distributor von DOLLE seit &gt; 25 Jahren<\/strong>\u00a0Stairs, der weltweit f\u00fchrende Anbieter von Dachboden-, Modul-, Dreh- und Fr\u00e4streppen und Balustradensystemen. Der \u201esichere Weg nach oben\u201c garantiert Qualit\u00e4t, Sicherheit und maximale Isolierung. Beim clickFIX<sup>\u00ae\u00a0 \u00a0<\/sup>Modellen ist die Montage dank des einzigartigen clickFIX . sogar ein Kinderspiel<sup>\u00ae<\/sup>\u00a0System\u00a0<strong><a href=\"https:\/\/trappenstore.be\/de\/de-clickfix-technologie\/\" target=\"_blank\" rel=\"noreferrer noopener\">Weiterlesen -<\/a><\/strong><\/p><p>Dar\u00fcber hinaus behalten wir immer eines <strong>Lagerbestand von mindestens 6 Monaten<\/strong>\u00a0Dadurch k\u00f6nnen wir schnell auf sich \u00e4ndernde Marktbedingungen reagieren. Wir liefern w\u00f6chentlich \u00fcberall in Belgien.<\/p><figure class=\"wp-block-image\"><img decoding=\"async\" width=\"300\" height=\"216\" class=\"wp-image-10032\" src=\"https:\/\/luxma.be\/wp-content\/uploads\/2020\/07\/Dolle-300x216.gif\" alt=\"\" \/><\/figure>\t\t\t\t\t\t\t\t<\/div>\n\t\t\t\t<\/div>\n\t\t\t\t\t<\/div>\n\t\t<\/div>\n\t\t\t\t\t<\/div>\n\t\t<\/section>\n\t\t\t\t<\/div>","protected":false},"excerpt":{"rendered":"<p>Over Trappenstore Wij zijn reeds &gt; 25 jaar trotse verdeler van DOLLE\u00a0trappen, de globale marktleider in zolder- modulaire- spil- en molenaarstrappen en balustradesystemen. De \u2018safe way to the top\u2019 garandeert kwaliteit, veiligheid en maximale isolatie.\u00a0 Bij de clickFIX\u00ae\u00a0 \u00a0modellen is de installatie zelfs kinderspel dankzij het unieke clickFIX\u00ae\u00a0systeem\u00a0lees meer \u2013 Bovendien houden wij steeds een [&hellip;]<\/p>\n","protected":false},"author":1,"featured_media":0,"parent":0,"menu_order":2,"comment_status":"closed","ping_status":"closed","template":"elementor_header_footer","meta":{"_acf_changed":false,"footnotes":""},"class_list":["post-11","page","type-page","status-publish","hentry"],"acf":[],"_links":{"self":[{"href":"https:\/\/trappenstore.be\/de\/wp-json\/wp\/v2\/pages\/11","targetHints":{"allow":["GET"]}}],"collection":[{"href":"https:\/\/trappenstore.be\/de\/wp-json\/wp\/v2\/pages"}],"about":[{"href":"https:\/\/trappenstore.be\/de\/wp-json\/wp\/v2\/types\/page"}],"author":[{"embeddable":true,"href":"https:\/\/trappenstore.be\/de\/wp-json\/wp\/v2\/users\/1"}],"replies":[{"embeddable":true,"href":"https:\/\/trappenstore.be\/de\/wp-json\/wp\/v2\/comments?post=11"}],"version-history":[{"count":5,"href":"https:\/\/trappenstore.be\/de\/wp-json\/wp\/v2\/pages\/11\/revisions"}],"predecessor-version":[{"id":13296,"href":"https:\/\/trappenstore.be\/de\/wp-json\/wp\/v2\/pages\/11\/revisions\/13296"}],"wp:attachment":[{"href":"https:\/\/trappenstore.be\/de\/wp-json\/wp\/v2\/media?parent=11"}],"curies":[{"name":"wp","href":"https:\/\/api.w.org\/{rel}","templated":true}]}}